{"id":11603,"date":"2013-06-17T13:07:44","date_gmt":"2013-06-17T11:07:44","guid":{"rendered":"http:\/\/hipstography.com\/?page_id=11603"},"modified":"2018-07-23T10:28:52","modified_gmt":"2018-07-23T08:28:52","slug":"faq","status":"publish","type":"page","link":"https:\/\/hipstography.com\/en\/faq","title":{"rendered":"FAQ"},"content":{"rendered":"<h3 style=\"text-align: justify;\">1. What are the conditions for publication?<\/h3>\n<p>&nbsp;<\/p>\n<p style=\"text-align: justify;\"><span style=\"color: #c64127;\"><strong><a href=\"http:\/\/hipstography.com\/wp-content\/uploads\/2013\/06\/hipstamatic-icon.jpg\" data-rel=\"lightbox-gallery-MVvMVNuD\" data-rl_title=\"\" data-rl_caption=\"\" title=\"\"><img loading=\"lazy\" decoding=\"async\" class=\"alignleft wp-image-31925\" style=\"margin-bottom: 5px; margin-right: 5px;\" src=\"http:\/\/hipstography.com\/wp-content\/uploads\/2013\/06\/hipstamatic-icon-150x150.jpg\" alt=\"hipstamatic-icon\" width=\"100\" height=\"100\" srcset=\"https:\/\/hipstography.com\/wp-content\/uploads\/2013\/06\/hipstamatic-icon-150x150.jpg 150w, https:\/\/hipstography.com\/wp-content\/uploads\/2013\/06\/hipstamatic-icon.jpg 250w\" sizes=\"auto, (max-width: 100px) 100vw, 100px\" \/><\/a>100% Hipstamatic Classic - Oggl<\/strong><\/span><\/p>\n<p style=\"text-align: justify;\">In order for a photograph to be published on <strong>Hipstography<\/strong>, it must be taken with <strong>Hipstamatic<\/strong> or <strong>Oggl<\/strong>; a picture taken with any other application and subsequently imported into <strong>Hipstamatic<\/strong> or\u00a0<strong>Oggl<\/strong> will not be accepted. The same goes for pictures edited in other applications. Note that this also includes images \"post-processed\" via <strong>Oggl<\/strong>. <strong>Hipstography<\/strong>'s stance on this is quite simple. We seek to showcase the values inherent in <strong>Hipstamatic<\/strong> through the tens of thousands of possible combinations one can achieve through the films, lenses and flashes. Editing a <strong>Hipstamatic<\/strong> shot with another application defeats the entire aesthetic purpose. For example, what would the point of the \u201cCombos\u201d section be if edited images were published?<\/p>\n<p style=\"text-align: justify;\">There are dozens of excellent sites dedicated to iPhoneography that publish fantastic images edited by an impressive number of equally fantastic applications. In contrast, the main aim of <strong>Hipstography<\/strong> is to celebrate the strength, richness and impressive variety offered by <strong>Hipstamatic<\/strong> and <strong>Oggl<\/strong>. No edited photos will be published even if only one application was used to reduce the size of the photo or even to rotate it. \u00a0In short, this is what makes <strong>Hipstography<\/strong> special.<\/p>\n<p>&nbsp;<\/p>\n<p style=\"text-align: justify;\"><a href=\"http:\/\/hipstography.com\/wp-content\/uploads\/2013\/06\/exif-data.jpg\" data-rel=\"lightbox-gallery-MVvMVNuD\" data-rl_title=\"\" data-rl_caption=\"\" title=\"\"><img loading=\"lazy\" decoding=\"async\" class=\"alignleft wp-image-31927\" style=\"margin-bottom: 5px; margin-right: 5px;\" src=\"http:\/\/hipstography.com\/wp-content\/uploads\/2013\/06\/exif-data-150x150.jpg\" alt=\"exif-data\" width=\"100\" height=\"100\" srcset=\"https:\/\/hipstography.com\/wp-content\/uploads\/2013\/06\/exif-data-150x150.jpg 150w, https:\/\/hipstography.com\/wp-content\/uploads\/2013\/06\/exif-data-300x300.jpg 300w, https:\/\/hipstography.com\/wp-content\/uploads\/2013\/06\/exif-data.jpg 650w\" sizes=\"auto, (max-width: 100px) 100vw, 100px\" \/><\/a><strong style=\"color: #c64127;\">EXIF data\u00a0<\/strong><\/p>\n<p style=\"text-align: justify;\">To qualify for publication, you must send the original photograph, as the EXIF data must be available. This data confirms that no other application was used and it shows the combo used for each photo. In addition to this, the original photo will also indicate that you are indeed the author of the photo.<\/p>\n<p>&nbsp;<\/p>\n<p style=\"text-align: justify;\"><a href=\"http:\/\/hipstography.com\/wp-content\/uploads\/2013\/06\/vegan.jpg\" data-rel=\"lightbox-gallery-MVvMVNuD\" data-rl_title=\"\" data-rl_caption=\"\" title=\"\"><img loading=\"lazy\" decoding=\"async\" class=\"alignleft wp-image-31929\" style=\"margin-bottom: 5px; margin-right: 5px; border: 1px solid #000000;\" src=\"http:\/\/hipstography.com\/wp-content\/uploads\/2013\/06\/vegan-150x150.jpg\" alt=\"vegan\" width=\"100\" height=\"100\" srcset=\"https:\/\/hipstography.com\/wp-content\/uploads\/2013\/06\/vegan-150x150.jpg 150w, https:\/\/hipstography.com\/wp-content\/uploads\/2013\/06\/vegan-300x300.jpg 300w, https:\/\/hipstography.com\/wp-content\/uploads\/2013\/06\/vegan.jpg 500w\" sizes=\"auto, (max-width: 100px) 100vw, 100px\" \/><\/a><strong style=\"color: #c64127;\">Miscellaneous<\/strong><\/p>\n<p style=\"text-align: justify;\">No family snapshots. I am vegan and antispecist. No images of dead animals or animal cruelty will even be considered.<\/p>\n<p>&nbsp;<\/p>\n<h3 style=\"text-align: justify;\">2. How can I submit photos for future publication?<\/h3>\n<p>&nbsp;<\/p>\n<p style=\"text-align: justify;\"><a href=\"https:\/\/www.flickr.com\/groups\/hipstography\/\" target=\"_blank\"><img loading=\"lazy\" decoding=\"async\" class=\"alignleft wp-image-31931\" style=\"margin-bottom: 5px; margin-right: 5px;\" src=\"http:\/\/hipstography.com\/wp-content\/uploads\/2013\/06\/flickr-logo-150x150.jpg\" alt=\"flickr-logo\" width=\"100\" height=\"100\" srcset=\"https:\/\/hipstography.com\/wp-content\/uploads\/2013\/06\/flickr-logo-150x150.jpg 150w, https:\/\/hipstography.com\/wp-content\/uploads\/2013\/06\/flickr-logo-300x300.jpg 300w, https:\/\/hipstography.com\/wp-content\/uploads\/2013\/06\/flickr-logo.jpg 500w\" sizes=\"auto, (max-width: 100px) 100vw, 100px\" \/><\/a><strong style=\"color: #c64127;\">Flickr<\/strong><\/p>\n<p style=\"text-align: justify;\">You can upload your photos to the <strong>Hipstography Flickr group<\/strong> (limited to 6 per day):<br \/>\n<span style=\"text-decoration: underline;\"><a href=\"https:\/\/www.flickr.com\/groups\/hipstography\/\" target=\"_blank\">http:\/\/www.flickr.com\/groups\/hipstography\/<\/a><\/span><\/p>\n<p>&nbsp;<\/p>\n<p style=\"text-align: justify;\"><strong style=\"color: #c64127;\"><a href=\"https:\/\/www.facebook.com\/Hipstography\" target=\"_blank\"><img loading=\"lazy\" decoding=\"async\" class=\"alignleft wp-image-31933\" style=\"margin-bottom: 5px; margin-right: 5px;\" src=\"http:\/\/hipstography.com\/wp-content\/uploads\/2013\/06\/Facebook-logo3-150x150.jpg\" alt=\"Facebook-logo3\" width=\"100\" height=\"100\" srcset=\"https:\/\/hipstography.com\/wp-content\/uploads\/2013\/06\/Facebook-logo3-150x150.jpg 150w, https:\/\/hipstography.com\/wp-content\/uploads\/2013\/06\/Facebook-logo3-300x300.jpg 300w, https:\/\/hipstography.com\/wp-content\/uploads\/2013\/06\/Facebook-logo3.jpg 500w\" sizes=\"auto, (max-width: 100px) 100vw, 100px\" \/><\/a>Facebook<\/strong><\/p>\n<p style=\"text-align: justify;\">You can also upload them to the <strong>Hipstography Facebook page<\/strong> (limited to 3 per day):<br \/>\n<a href=\"https:\/\/www.facebook.com\/Hipstography\" target=\"_blank\"><span style=\"text-decoration: underline;\">https:\/\/www.facebook.com\/Hipstography<\/span><\/a><\/p>\n<p>&nbsp;<\/p>\n<p style=\"text-align: justify;\"><strong style=\"color: #c64127;\"><a href=\"http:\/\/instagram.com\/hipstography.us\/\"><img loading=\"lazy\" decoding=\"async\" class=\"alignleft wp-image-41347\" style=\"margin-bottom: 5px; margin-right: 5px;\" src=\"http:\/\/hipstography.com\/wp-content\/uploads\/2013\/06\/instagram-logo1-150x150.jpg\" alt=\"instagram-logo\" width=\"100\" height=\"100\" srcset=\"https:\/\/hipstography.com\/wp-content\/uploads\/2013\/06\/instagram-logo1-150x150.jpg 150w, https:\/\/hipstography.com\/wp-content\/uploads\/2013\/06\/instagram-logo1-300x300.jpg 300w, https:\/\/hipstography.com\/wp-content\/uploads\/2013\/06\/instagram-logo1.jpg 500w\" sizes=\"auto, (max-width: 100px) 100vw, 100px\" \/><\/a>Instagram<\/strong><\/p>\n<p style=\"text-align: justify;\">Don\u2019t hesitate to add <strong>#hipstography<\/strong>, whether that\u2019s on <strong>Instagram<\/strong>, <strong>Oggl<\/strong>\u00a0or any other, for that matter.<br \/>\n<a href=\"http:\/\/instagram.com\/hipstography.us\/\"><span style=\"text-decoration: underline;\">http:\/\/instagram.com\/hipstography.us\/<\/span><\/a><\/p>\n<p>&nbsp;<\/p>\n<p style=\"text-align: justify;\"><strong style=\"color: #c64127;\"><a href=\"https:\/\/hipstography.com\/contact\" target=\"_blank\"><img loading=\"lazy\" decoding=\"async\" class=\"alignleft wp-image-31937\" style=\"margin-bottom: 5px; margin-right: 5px; border: 1px solid #000000;\" src=\"http:\/\/hipstography.com\/wp-content\/uploads\/2013\/06\/mail-icon-150x150.jpg\" alt=\"mail-icon\" width=\"100\" height=\"100\" srcset=\"https:\/\/hipstography.com\/wp-content\/uploads\/2013\/06\/mail-icon-150x150.jpg 150w, https:\/\/hipstography.com\/wp-content\/uploads\/2013\/06\/mail-icon-300x300.jpg 300w, https:\/\/hipstography.com\/wp-content\/uploads\/2013\/06\/mail-icon.jpg 500w\" sizes=\"auto, (max-width: 100px) 100vw, 100px\" \/><\/a>Contact<\/strong><\/p>\n<p style=\"text-align: justify;\">You can send me a link (via the \"<a href=\"https:\/\/hipstography.com\/en\/contact-2\"><span style=\"text-decoration: underline;\"><strong>Contact<\/strong><\/span><\/a>\" page) to a Flickr page, EyeEm, Facebook, Instagram or your own website. If your account (Instagram, Flickr, EyeEm, etc.) includes photos edited with another application, please \u00a0separate them by creating a specific portfolio with the images you want to submit. I can\u2019t possibly browse through dozens of pages containing hundreds of photos.<\/p>\n<p>&nbsp;<\/p>\n<p style=\"text-align: justify;\"><strong style=\"color: #c64127;\"><a href=\"https:\/\/hipstography.com\/contact\" target=\"_blank\"><img loading=\"lazy\" decoding=\"async\" class=\"alignleft wp-image-41512\" style=\"margin-bottom: 5px; margin-right: 5px;\" src=\"http:\/\/hipstography.com\/wp-content\/uploads\/2013\/06\/wetransfer-logo-150x150.jpg\" alt=\"wetransfer-logo\" width=\"100\" height=\"100\" srcset=\"https:\/\/hipstography.com\/wp-content\/uploads\/2013\/06\/wetransfer-logo-150x150.jpg 150w, https:\/\/hipstography.com\/wp-content\/uploads\/2013\/06\/wetransfer-logo-300x300.jpg 300w, https:\/\/hipstography.com\/wp-content\/uploads\/2013\/06\/wetransfer-logo.jpg 420w\" sizes=\"auto, (max-width: 100px) 100vw, 100px\" \/><\/a>Wetransfer - Dropbox<br \/>\n<\/strong><\/p>\n<p style=\"text-align: justify;\">I\u2019m afraid I can no longer accept series submitted via <strong>Dropbox<\/strong> or <strong>WeTransfer<\/strong>. The reasons for this are simple enough: on the one hand, I have to ask others to help me wade through the many series that are submitted and I can only send them links to <strong>Flickr<\/strong>, <strong>Facebook<\/strong> or other <strong>sites<\/strong>. Secondly, and more importantly, I really do not have the space to store such huge numbers of pictures. <strong>Dropbox<\/strong> or <strong>WeTransfer<\/strong> are, obviously, the ideal solution for sending the material, once it has been accepted for publication.<\/p>\n<p>&nbsp;<\/p>\n","protected":false},"excerpt":{"rendered":"<p>1. What are the conditions for publication? &nbsp; 100% Hipstamatic Classic &#8211; Oggl In order for a photograph to be published on Hipstography, it must be taken with Hipstamatic or Oggl; a picture taken with any other application and subsequently imported into Hipstamatic or\u00a0Oggl will not be accepted. The same goes for pictures edited in [&hellip;]<\/p>\n","protected":false},"author":6,"featured_media":0,"parent":0,"menu_order":0,"comment_status":"open","ping_status":"open","template":"","meta":{"ngg_post_thumbnail":0,"footnotes":""},"class_list":["post-11603","page","type-page","status-publish","hentry"],"yoast_head":"<!-- This site is optimized with the Yoast SEO plugin v25.3 - https:\/\/yoast.com\/wordpress\/plugins\/seo\/ -->\n<title>FAQ - hipstography<\/title>\n<meta name=\"description\" content=\"FAQ - hipstography: Pour qu&#039;une photo soit publi\u00e9e sur Hipstography, elle doit avoir \u00e9t\u00e9 prise par Hipstamatic (ou Oggl) mais elle ne peut pas avoir \u00e9t\u00e9...\" \/>\n<meta name=\"robots\" content=\"index, follow, max-snippet:-1, max-image-preview:large, max-video-preview:-1\" \/>\n<link rel=\"canonical\" href=\"https:\/\/hipstography.com\/en\/faq\" \/>\n<meta property=\"og:locale\" content=\"en_US\" \/>\n<meta property=\"og:type\" content=\"article\" \/>\n<meta property=\"og:title\" content=\"FAQ - hipstography\" \/>\n<meta property=\"og:description\" content=\"FAQ - hipstography: Pour qu&#039;une photo soit publi\u00e9e sur Hipstography, elle doit avoir \u00e9t\u00e9 prise par Hipstamatic (ou Oggl) mais elle ne peut pas avoir \u00e9t\u00e9...\" \/>\n<meta property=\"og:url\" content=\"https:\/\/hipstography.com\/en\/faq\" \/>\n<meta property=\"og:site_name\" content=\"hipstography\" \/>\n<meta property=\"article:modified_time\" content=\"2018-07-23T08:28:52+00:00\" \/>\n<meta property=\"og:image\" content=\"http:\/\/hipstography.com\/wp-content\/uploads\/2013\/06\/hipstamatic-icon-150x150.jpg\" \/>\n<meta name=\"twitter:label1\" content=\"Est. reading time\" \/>\n\t<meta name=\"twitter:data1\" content=\"3 minutes\" \/>\n<script type=\"application\/ld+json\" class=\"yoast-schema-graph\">{\"@context\":\"https:\/\/schema.org\",\"@graph\":[{\"@type\":\"WebPage\",\"@id\":\"https:\/\/hipstography.com\/en\/faq\",\"url\":\"https:\/\/hipstography.com\/en\/faq\",\"name\":\"FAQ - hipstography\",\"isPartOf\":{\"@id\":\"https:\/\/hipstography.com\/en#website\"},\"primaryImageOfPage\":{\"@id\":\"https:\/\/hipstography.com\/en\/faq#primaryimage\"},\"image\":{\"@id\":\"https:\/\/hipstography.com\/en\/faq#primaryimage\"},\"thumbnailUrl\":\"http:\/\/hipstography.com\/wp-content\/uploads\/2013\/06\/hipstamatic-icon-150x150.jpg\",\"datePublished\":\"2013-06-17T11:07:44+00:00\",\"dateModified\":\"2018-07-23T08:28:52+00:00\",\"description\":\"FAQ - hipstography: Pour qu'une photo soit publi\u00e9e sur Hipstography, elle doit avoir \u00e9t\u00e9 prise par Hipstamatic (ou Oggl) mais elle ne peut pas avoir \u00e9t\u00e9...\",\"breadcrumb\":{\"@id\":\"https:\/\/hipstography.com\/en\/faq#breadcrumb\"},\"inLanguage\":\"en-US\",\"potentialAction\":[{\"@type\":\"ReadAction\",\"target\":[\"https:\/\/hipstography.com\/en\/faq\"]}]},{\"@type\":\"ImageObject\",\"inLanguage\":\"en-US\",\"@id\":\"https:\/\/hipstography.com\/en\/faq#primaryimage\",\"url\":\"http:\/\/hipstography.com\/wp-content\/uploads\/2013\/06\/hipstamatic-icon-150x150.jpg\",\"contentUrl\":\"http:\/\/hipstography.com\/wp-content\/uploads\/2013\/06\/hipstamatic-icon-150x150.jpg\"},{\"@type\":\"BreadcrumbList\",\"@id\":\"https:\/\/hipstography.com\/en\/faq#breadcrumb\",\"itemListElement\":[{\"@type\":\"ListItem\",\"position\":1,\"name\":\"Accueil\",\"item\":\"https:\/\/hipstography.com\/en\"},{\"@type\":\"ListItem\",\"position\":2,\"name\":\"FAQ\"}]},{\"@type\":\"WebSite\",\"@id\":\"https:\/\/hipstography.com\/en#website\",\"url\":\"https:\/\/hipstography.com\/en\",\"name\":\"hipstography\",\"description\":\"&quot;Click. Boom. Amazing&quot;\",\"potentialAction\":[{\"@type\":\"SearchAction\",\"target\":{\"@type\":\"EntryPoint\",\"urlTemplate\":\"https:\/\/hipstography.com\/en?s={search_term_string}\"},\"query-input\":{\"@type\":\"PropertyValueSpecification\",\"valueRequired\":true,\"valueName\":\"search_term_string\"}}],\"inLanguage\":\"en-US\"}]}<\/script>\n<!-- \/ Yoast SEO plugin. -->","yoast_head_json":{"title":"FAQ - hipstography","description":"FAQ - hipstography: Pour qu'une photo soit publi\u00e9e sur Hipstography, elle doit avoir \u00e9t\u00e9 prise par Hipstamatic (ou Oggl) mais elle ne peut pas avoir \u00e9t\u00e9...","robots":{"index":"index","follow":"follow","max-snippet":"max-snippet:-1","max-image-preview":"max-image-preview:large","max-video-preview":"max-video-preview:-1"},"canonical":"https:\/\/hipstography.com\/en\/faq","og_locale":"en_US","og_type":"article","og_title":"FAQ - hipstography","og_description":"FAQ - hipstography: Pour qu'une photo soit publi\u00e9e sur Hipstography, elle doit avoir \u00e9t\u00e9 prise par Hipstamatic (ou Oggl) mais elle ne peut pas avoir \u00e9t\u00e9...","og_url":"https:\/\/hipstography.com\/en\/faq","og_site_name":"hipstography","article_modified_time":"2018-07-23T08:28:52+00:00","og_image":[{"url":"http:\/\/hipstography.com\/wp-content\/uploads\/2013\/06\/hipstamatic-icon-150x150.jpg","type":"","width":"","height":""}],"twitter_misc":{"Est. reading time":"3 minutes"},"schema":{"@context":"https:\/\/schema.org","@graph":[{"@type":"WebPage","@id":"https:\/\/hipstography.com\/en\/faq","url":"https:\/\/hipstography.com\/en\/faq","name":"FAQ - hipstography","isPartOf":{"@id":"https:\/\/hipstography.com\/en#website"},"primaryImageOfPage":{"@id":"https:\/\/hipstography.com\/en\/faq#primaryimage"},"image":{"@id":"https:\/\/hipstography.com\/en\/faq#primaryimage"},"thumbnailUrl":"http:\/\/hipstography.com\/wp-content\/uploads\/2013\/06\/hipstamatic-icon-150x150.jpg","datePublished":"2013-06-17T11:07:44+00:00","dateModified":"2018-07-23T08:28:52+00:00","description":"FAQ - hipstography: Pour qu'une photo soit publi\u00e9e sur Hipstography, elle doit avoir \u00e9t\u00e9 prise par Hipstamatic (ou Oggl) mais elle ne peut pas avoir \u00e9t\u00e9...","breadcrumb":{"@id":"https:\/\/hipstography.com\/en\/faq#breadcrumb"},"inLanguage":"en-US","potentialAction":[{"@type":"ReadAction","target":["https:\/\/hipstography.com\/en\/faq"]}]},{"@type":"ImageObject","inLanguage":"en-US","@id":"https:\/\/hipstography.com\/en\/faq#primaryimage","url":"http:\/\/hipstography.com\/wp-content\/uploads\/2013\/06\/hipstamatic-icon-150x150.jpg","contentUrl":"http:\/\/hipstography.com\/wp-content\/uploads\/2013\/06\/hipstamatic-icon-150x150.jpg"},{"@type":"BreadcrumbList","@id":"https:\/\/hipstography.com\/en\/faq#breadcrumb","itemListElement":[{"@type":"ListItem","position":1,"name":"Accueil","item":"https:\/\/hipstography.com\/en"},{"@type":"ListItem","position":2,"name":"FAQ"}]},{"@type":"WebSite","@id":"https:\/\/hipstography.com\/en#website","url":"https:\/\/hipstography.com\/en","name":"hipstography","description":"&quot;Click. Boom. Amazing&quot;","potentialAction":[{"@type":"SearchAction","target":{"@type":"EntryPoint","urlTemplate":"https:\/\/hipstography.com\/en?s={search_term_string}"},"query-input":{"@type":"PropertyValueSpecification","valueRequired":true,"valueName":"search_term_string"}}],"inLanguage":"en-US"}]}},"_links":{"self":[{"href":"https:\/\/hipstography.com\/en\/wp-json\/wp\/v2\/pages\/11603","targetHints":{"allow":["GET"]}}],"collection":[{"href":"https:\/\/hipstography.com\/en\/wp-json\/wp\/v2\/pages"}],"about":[{"href":"https:\/\/hipstography.com\/en\/wp-json\/wp\/v2\/types\/page"}],"author":[{"embeddable":true,"href":"https:\/\/hipstography.com\/en\/wp-json\/wp\/v2\/users\/6"}],"replies":[{"embeddable":true,"href":"https:\/\/hipstography.com\/en\/wp-json\/wp\/v2\/comments?post=11603"}],"version-history":[{"count":1,"href":"https:\/\/hipstography.com\/en\/wp-json\/wp\/v2\/pages\/11603\/revisions"}],"predecessor-version":[{"id":31945,"href":"https:\/\/hipstography.com\/en\/wp-json\/wp\/v2\/pages\/11603\/revisions\/31945"}],"wp:attachment":[{"href":"https:\/\/hipstography.com\/en\/wp-json\/wp\/v2\/media?parent=11603"}],"curies":[{"name":"wp","href":"https:\/\/api.w.org\/{rel}","templated":true}]}}